{"id":18724,"date":"2018-05-28T17:25:15","date_gmt":"2018-05-28T11:55:15","guid":{"rendered":"https:\/\/www.enago.com\/academy\/?page_id=18724"},"modified":"2019-02-21T18:46:54","modified_gmt":"2019-02-21T12:46:54","slug":"author-workshops-for-mexican-researchers","status":"publish","type":"page","link":"https:\/\/www.enago.com\/academy\/author-workshops-for-mexican-researchers\/","title":{"rendered":"Taller de Enago Academy : La Publicaci\u00f3n Cient\u00edfica y sus Desaf\u00edos"},"content":{"rendered":"<h2><strong><span style=\"font-family: 'calibri','sans-serif';color: #d52b1e\">PROGRAMACI\u00d3N<\/span><\/strong><\/h2>\n<table style=\"height: 201px\" width=\"765\">\n<tbody>\n<tr>\n<td width=\"152\"><b><span style=\"font-family: 'calibri','sans-serif';color: #d52b1e;font-size: 18px\">Hora<\/span><\/b><\/td>\n<td width=\"550\"><b><span style=\"font-family: 'calibri','sans-serif';color: #d52b1e;font-size: 18px\">Tema<\/span><\/b><\/td>\n<\/tr>\n<tr>\n<td><span style=\"font-family: 'calibri','sans-serif';color: #d52b1e;font-size: 18px\">8:30 \u2013 9:00<\/span><\/td>\n<td><span style=\"font-family: 'calibri','sans-serif';font-size: 18px\">Registro<\/span><\/td>\n<\/tr>\n<tr>\n<td><span style=\"font-family: 'calibri','sans-serif';color: #d52b1e;font-size: 18px\">9:00 \u2013 9:15<\/span><\/td>\n<td><span style=\"font-family: calibri, sans-serif\"><span style=\"font-size: 18px\">Bienvenida<\/span><\/span><\/td>\n<\/tr>\n<tr>\n<td><span style=\"font-family: 'calibri','sans-serif';color: #d52b1e;font-size: 18px\">9:15 \u2013 10:40<\/span><\/td>\n<td><strong><span style=\"font-family: 'calibri','sans-serif';font-size: 18px\">Tema 1: Introducci\u00f3n a la publicaci\u00f3n acad\u00e9mica \u2013 Redacci\u00f3n, preparaci\u00f3n y env\u00edo<\/span><\/strong><\/td>\n<\/tr>\n<tr>\n<td><span style=\"font-family: 'calibri','sans-serif';color: #d52b1e;font-size: 18px\">10:40 \u2013 10:55<\/span><\/td>\n<td><span style=\"font-family: 'calibri','sans-serif';font-size: 18px\">Preguntas y respuestas<\/span><\/td>\n<\/tr>\n<tr>\n<td><span style=\"font-family: 'calibri','sans-serif';color: #d52b1e;font-size: 18px\">10:55 \u2013 11:25<\/span><\/td>\n<td><span style=\"font-family: 'calibri','sans-serif';font-size: 18px\">Introducci\u00f3n de Enago<\/span><\/td>\n<\/tr>\n<tr>\n<td><span style=\"font-family: 'calibri','sans-serif';color: #d52b1e;font-size: 18px\">11:25 \u2013 11:45<\/span><\/td>\n<td><span style=\"font-family: 'calibri','sans-serif';font-size: 18px\">Caf\u00e9<\/span><\/td>\n<\/tr>\n<tr>\n<td><span style=\"font-family: 'calibri','sans-serif';color: #d52b1e;font-size: 18px\">11:45 \u2013 13:10<\/span><\/td>\n<td><strong><span style=\"font-family: 'calibri','sans-serif';font-size: 18px\">Tema 2: Env\u00edo del manuscrito: Consejos y desaf\u00edos<\/span><\/strong><\/td>\n<\/tr>\n<tr>\n<td><span style=\"font-family: 'calibri','sans-serif';color: #d52b1e;font-size: 18px\">13:10 \u2013 13:25<\/span><\/td>\n<td><span style=\"font-family: 'calibri','sans-serif';font-size: 18px\">Preguntas y respuestas<\/span><\/td>\n<\/tr>\n<tr>\n<td><span style=\"font-family: 'calibri','sans-serif';color: #d52b1e;font-size: 18px\">13:25 \u2013 13:30<\/span><\/td>\n<td><span style=\"font-family: 'calibri','sans-serif';font-size: 18px\">Cierre<\/span><\/td>\n<\/tr>\n<\/tbody>\n<\/table>\n<p>&nbsp;<\/p>\n<h2><span style=\"font-family: 'calibri','sans-serif';color: #d52b1e\">RESUMEN DEL TALLER<\/span><\/h2>\n<h2><span style=\"font-family: 'calibri','sans-serif';color: #d52b1e\">Tema 1: Introducci\u00f3n a la publicaci\u00f3n acad\u00e9mica \u2013 Redacci\u00f3n, preparaci\u00f3n y env\u00edo<\/span><\/h2>\n<p><span style=\"font-family: 'calibri','sans-serif'\">Esta presentaci\u00f3n est\u00e1 enfocada principalmente a aquellos investigadores que deseen presentar sus art\u00edculos en revistas de alta categor\u00eda, pero se enfrentan a dificultades relacionadas con el correcto uso de la gram\u00e1tica y el lenguaje en ingl\u00e9s. En un sistema donde los expertos en las diferentes \u00e1reas de conocimiento requieren verificar la validez, originalidad e importancia de un trabajo, es imprescindible que la calidad de los art\u00edculos presentados en dichas revistas sea buena con el fin de evitar el rechazo. Desafortunadamente, muchos art\u00edculos que no cumplen con la calidad del idioma aceptada internacionalmente, est\u00e1n siendo rechazados por los mismos editores de la revista y ni siquiera llegan al nivel de revisi\u00f3n por pares.<\/span><\/p>\n<p><span style=\"font-family: 'calibri','sans-serif'\">Despu\u00e9s de esta sesi\u00f3n, los investigadores tendr\u00e1n m\u00e1s conocimiento sobre:<\/span><\/p>\n<ul>\n<li><span style=\"font-family: 'calibri','sans-serif'\">Importancia de la publicaci\u00f3n en revistas internacionales.<\/span><\/li>\n<li><span style=\"font-family: 'calibri','sans-serif'\">Conocimiento sobre la publicaci\u00f3n de art\u00edculos en ingl\u00e9s y la estructuraci\u00f3n de textos acad\u00e9micos.<\/span><\/li>\n<li><span style=\"font-family: 'calibri','sans-serif'\">Importancia de la revisi\u00f3n literaria y estructuraci\u00f3n de las referencias.<\/span><\/li>\n<li><span style=\"font-family: 'calibri','sans-serif'\">Importancia del uso correcto de un ingl\u00e9s acad\u00e9mico en los manuscritos.<\/span><\/li>\n<li><span style=\"font-family: 'calibri','sans-serif'\">Preparar los manuscritos para su publicaci\u00f3n y selecci\u00f3n de la revista.<\/span><\/li>\n<\/ul>\n<h2><span style=\"font-family: 'calibri','sans-serif';color: #d52b1e\">Tema 2: Env\u00edo del manuscrito: Consejos y desaf\u00edos<\/span><\/h2>\n<p><span style=\"font-family: 'calibri','sans-serif'\">Una vez que el investigador haya identificado una revista objetivo, deber\u00e1 asegurarse de que el manuscrito cumpla con las directrices de la revista especializada en cuesti\u00f3n. A menudo, los investigadores enfrentan rechazos por parte de las revistas debido al incumplimiento de las directrices o de los requisitos exigidos por estas.<\/span><\/p>\n<p><span style=\"font-family: 'calibri','sans-serif'\">En esta exposici\u00f3n, abordaremos algunos conceptos claves que los autores deber\u00edan tener en cuenta con el fin de evitar env\u00edos incompletos o incorrectos a las revistas especializadas, lo que podr\u00eda conducir al rechazo inmediato. Tambi\u00e9n discutiremos las formas en que se pueden abordar las consultas previas al env\u00edo. Adem\u00e1s, nos ocuparemos de c\u00f3mo las revistas especializadas detectan el plagio, de c\u00f3mo los investigadores reutilizan el contenido publicado y aclararemos las preocupaciones de los autores acerca de los derechos de propiedad. Finalmente, tambi\u00e9n proporcionaremos consejos sobre c\u00f3mo escribir una buena carta de presentaci\u00f3n para adjuntarla a su manuscrito.<\/span><\/p>\n<p><span style=\"font-family: 'calibri','sans-serif'\">Despu\u00e9s de esta sesi\u00f3n, los investigadores tendr\u00e1n m\u00e1s conocimiento sobre:<\/span><\/p>\n<ul>\n<li><span style=\"font-family: 'calibri','sans-serif'\">Comprender la importancia de preparar un manuscrito listo para el env\u00edo.<\/span><\/li>\n<li><span style=\"font-family: 'calibri','sans-serif'\">Abordar las consultas previas al env\u00edo.<\/span><\/li>\n<li><span style=\"font-family: 'calibri','sans-serif'\">Directrices \u00e9ticas que se deben considerar antes de proceder al env\u00edo.<\/span><\/li>\n<li><span style=\"font-family: 'calibri','sans-serif'\">Estar informado en relaci\u00f3n con los sistemas de env\u00edo en l\u00ednea.<\/span><\/li>\n<li><span style=\"font-family: 'calibri','sans-serif'\">Familiarizarse con los consejos pertinentes para redactar una buena carta de presentaci\u00f3n.<\/span><\/li>\n<li><span style=\"font-family: 'calibri','sans-serif'\">Discusi\u00f3n sobre el proceso de presentar un art\u00edculo y lidiar con el rechazo.<\/span><\/li>\n<\/ul>\n","protected":false},"excerpt":{"rendered":"<p>PROGRAMACI\u00d3N Hora Tema 8:30 \u2013 9:00 Registro 9:00 \u2013 9:15 Bienvenida 9:15 \u2013 10:40 Tema&hellip;<\/p>\n","protected":false},"author":7231,"featured_media":0,"parent":0,"menu_order":0,"comment_status":"closed","ping_status":"closed","template":"","meta":{"_acf_changed":false,"om_disable_all_campaigns":false,"footnotes":""},"ppma_author":[1900],"class_list":["post-18724","page","type-page","status-publish","hentry"],"better_featured_image":null,"acf":[],"_links":{"self":[{"href":"https:\/\/www.enago.com\/academy\/wp-json\/wp\/v2\/pages\/18724","targetHints":{"allow":["GET"]}}],"collection":[{"href":"https:\/\/www.enago.com\/academy\/wp-json\/wp\/v2\/pages"}],"about":[{"href":"https:\/\/www.enago.com\/academy\/wp-json\/wp\/v2\/types\/page"}],"author":[{"embeddable":true,"href":"https:\/\/www.enago.com\/academy\/wp-json\/wp\/v2\/users\/7231"}],"replies":[{"embeddable":true,"href":"https:\/\/www.enago.com\/academy\/wp-json\/wp\/v2\/comments?post=18724"}],"version-history":[{"count":0,"href":"https:\/\/www.enago.com\/academy\/wp-json\/wp\/v2\/pages\/18724\/revisions"}],"wp:attachment":[{"href":"https:\/\/www.enago.com\/academy\/wp-json\/wp\/v2\/media?parent=18724"}],"wp:term":[{"taxonomy":"author","embeddable":true,"href":"https:\/\/www.enago.com\/academy\/wp-json\/wp\/v2\/ppma_author?post=18724"}],"curies":[{"name":"wp","href":"https:\/\/api.w.org\/{rel}","templated":true}]}}