{"id":223,"date":"2019-06-28T08:01:58","date_gmt":"2019-06-28T08:01:58","guid":{"rendered":"https:\/\/www.enago.com\/academy\/latam\/?page_id=223"},"modified":"2019-07-23T09:25:06","modified_gmt":"2019-07-23T09:25:06","slug":"subscribe-now","status":"publish","type":"page","link":"https:\/\/www.enago.com\/academy\/latam\/subscribe-now\/","title":{"rendered":"Suscr\u00edbase ahora"},"content":{"rendered":"<span class=\"span-reading-time rt-reading-time\" style=\"display: block;\"><span class=\"rt-label rt-prefix\">Reading Time: <\/span> <span class=\"rt-time\"> &lt; 1<\/span> <span class=\"rt-label rt-postfix\">minute<\/span><\/span><div class=\"subs-main-p\">\n<h3>Suscr\u00edbase a nuestro bolet\u00edn semanal<\/h3>\n<div id=\"om-p0hi52srb9jyh7daejue-holder\"><\/div>\n<p>Como miembro valioso de la Academia Enago, tendr\u00e1 la oportunidad de<\/p>\n<ul>\n<li class=\"updates\">Mantenerse informado sobre las \u00faltimas actualizaciones y tendencias en la industria editorial acad\u00e9mica<\/li>\n<li class=\"academic-wri\">Obtener consejos pr\u00e1cticos y sugerencias sobre conceptos relacionados con la publicaci\u00f3n acad\u00e9mica, que ayudar\u00e1n a mejorar sus manuscritos<\/li>\n<li class=\"publication-pro\">Conocer m\u00e1s sobre el proceso de publicaci\u00f3n y sus diversas etapas para aumentar su conocimiento de la industria<\/li>\n<li class=\"featured-int\">Conocer a expertos de la industria sobre la evoluci\u00f3n del panorama de la investigaci\u00f3n y los desaf\u00edos en la publicaci\u00f3n acad\u00e9mica a trav\u00e9s de nuestras entrevistas exclusivas<\/li>\n<li class=\"conference-events\">Mantererse actualizado sobre las \u00faltimas conferencias y eventos que tienen lugar en la industria editorial acad\u00e9mica<\/li>\n<\/ul>\n<div class=\"clear\"><\/div>\n<div class=\"sp-p-c\">Puede cancelar su suscripci\u00f3n en cualquier momento haciendo clic en el enlace para cancelar la suscripci\u00f3n que se encuentra en el bolet\u00edn. Conozca m\u00e1s sobre nuestra Pol\u00edtica de Privacidad.<\/div>\n<\/div>\n<!-- AddThis Advanced Settings generic via filter on the_content --><!-- AddThis Share Buttons generic via filter on the_content -->","protected":false},"excerpt":{"rendered":"<p><span class=\"span-reading-time rt-reading-time\" style=\"display: block;\"><span class=\"rt-label rt-prefix\">Reading Time: <\/span> <span class=\"rt-time\"> &lt; 1<\/span> <span class=\"rt-label rt-postfix\">minute<\/span><\/span>Suscr\u00edbase a nuestro bolet\u00edn semanal Como miembro valioso de la Academia Enago, tendr\u00e1 la oportunidad [&hellip;]<!-- AddThis Advanced Settings generic via filter on get_the_excerpt --><!-- AddThis Share Buttons generic via filter on get_the_excerpt --><\/p>\n","protected":false},"author":1,"featured_media":0,"parent":0,"menu_order":0,"comment_status":"closed","ping_status":"closed","template":"","meta":{"_acf_changed":false,"om_disable_all_campaigns":false,"footnotes":""},"class_list":["post-223","page","type-page","status-publish","hentry"],"acf":[],"_links":{"self":[{"href":"https:\/\/www.enago.com\/academy\/latam\/wp-json\/wp\/v2\/pages\/223","targetHints":{"allow":["GET"]}}],"collection":[{"href":"https:\/\/www.enago.com\/academy\/latam\/wp-json\/wp\/v2\/pages"}],"about":[{"href":"https:\/\/www.enago.com\/academy\/latam\/wp-json\/wp\/v2\/types\/page"}],"author":[{"embeddable":true,"href":"https:\/\/www.enago.com\/academy\/latam\/wp-json\/wp\/v2\/users\/1"}],"replies":[{"embeddable":true,"href":"https:\/\/www.enago.com\/academy\/latam\/wp-json\/wp\/v2\/comments?post=223"}],"version-history":[{"count":4,"href":"https:\/\/www.enago.com\/academy\/latam\/wp-json\/wp\/v2\/pages\/223\/revisions"}],"predecessor-version":[{"id":503,"href":"https:\/\/www.enago.com\/academy\/latam\/wp-json\/wp\/v2\/pages\/223\/revisions\/503"}],"wp:attachment":[{"href":"https:\/\/www.enago.com\/academy\/latam\/wp-json\/wp\/v2\/media?parent=223"}],"curies":[{"name":"wp","href":"https:\/\/api.w.org\/{rel}","templated":true}]}}