{"id":221,"date":"2019-06-28T07:54:31","date_gmt":"2019-06-28T07:54:31","guid":{"rendered":"https:\/\/www.enago.com\/academy\/latam\/?page_id=221"},"modified":"2019-07-23T09:22:41","modified_gmt":"2019-07-23T09:22:41","slug":"contact-us","status":"publish","type":"page","link":"https:\/\/www.enago.com\/academy\/latam\/contact-us\/","title":{"rendered":"Cont\u00e1ctenos!"},"content":{"rendered":"<span class=\"span-reading-time rt-reading-time\" style=\"display: block;\"><span class=\"rt-label rt-prefix\">Reading Time: <\/span> <span class=\"rt-time\"> &lt; 1<\/span> <span class=\"rt-label rt-postfix\">minute<\/span><\/span><p><iframe id=\"JotFormIFrame-72641208257455\" onload=\"window.parent.scrollTo(0,0)\" allowtransparency=\"true\" data-src=\"https:\/\/form.jotform.me\/72641208257455\" frameborder=\"0\" style=\"width: 100%; min-width: 100%; height:920px; border:none;  max-height=100%; border:none;\"  src=\"data:image\/svg+xml;base64,PHN2ZyB3aWR0aD0iMSIgaGVpZ2h0PSIxIiB4bWxucz0iaHR0cDovL3d3dy53My5vcmcvMjAwMC9zdmciPjwvc3ZnPg==\" class=\"lazyload\" data-load-mode=\"1\"> <\/iframe> <\/p>\n<div class=\"notice-phi\">\n<p>Cualquier comunicaci\u00f3n que se env\u00ede desde Enago Academy solo se env\u00eda desde nuestro nombre de dominio registrado @enago.com. No se enviar\u00e1 ninguna comunicaci\u00f3n a ninguna entidad de, o en nombre de una persona. En caso de que se encuentre con alguna de esas personas que lo quieran contactar, inf\u00f3rmenos en <a href=\"mailto:academy@enago.com\">academy@enago.com<\/a>.<\/p>\n<\/div>\n<!-- AddThis Advanced Settings generic via filter on the_content --><!-- AddThis Share Buttons generic via filter on the_content -->","protected":false},"excerpt":{"rendered":"<p><span class=\"span-reading-time rt-reading-time\" style=\"display: block;\"><span class=\"rt-label rt-prefix\">Reading Time: <\/span> <span class=\"rt-time\"> &lt; 1<\/span> <span class=\"rt-label rt-postfix\">minute<\/span><\/span>Cualquier comunicaci\u00f3n que se env\u00ede desde Enago Academy solo se env\u00eda desde nuestro nombre de [&hellip;]<!-- AddThis Advanced Settings generic via filter on get_the_excerpt --><!-- AddThis Share Buttons generic via filter on get_the_excerpt --><\/p>\n","protected":false},"author":1,"featured_media":0,"parent":0,"menu_order":0,"comment_status":"closed","ping_status":"closed","template":"","meta":{"_acf_changed":false,"om_disable_all_campaigns":false,"footnotes":""},"class_list":["post-221","page","type-page","status-publish","hentry"],"acf":[],"_links":{"self":[{"href":"https:\/\/www.enago.com\/academy\/latam\/wp-json\/wp\/v2\/pages\/221","targetHints":{"allow":["GET"]}}],"collection":[{"href":"https:\/\/www.enago.com\/academy\/latam\/wp-json\/wp\/v2\/pages"}],"about":[{"href":"https:\/\/www.enago.com\/academy\/latam\/wp-json\/wp\/v2\/types\/page"}],"author":[{"embeddable":true,"href":"https:\/\/www.enago.com\/academy\/latam\/wp-json\/wp\/v2\/users\/1"}],"replies":[{"embeddable":true,"href":"https:\/\/www.enago.com\/academy\/latam\/wp-json\/wp\/v2\/comments?post=221"}],"version-history":[{"count":2,"href":"https:\/\/www.enago.com\/academy\/latam\/wp-json\/wp\/v2\/pages\/221\/revisions"}],"predecessor-version":[{"id":501,"href":"https:\/\/www.enago.com\/academy\/latam\/wp-json\/wp\/v2\/pages\/221\/revisions\/501"}],"wp:attachment":[{"href":"https:\/\/www.enago.com\/academy\/latam\/wp-json\/wp\/v2\/media?parent=221"}],"curies":[{"name":"wp","href":"https:\/\/api.w.org\/{rel}","templated":true}]}}