{"id":216,"date":"2019-06-27T10:12:51","date_gmt":"2019-06-27T10:12:51","guid":{"rendered":"https:\/\/www.enago.com\/academy\/latam\/?page_id=216"},"modified":"2019-07-23T09:21:42","modified_gmt":"2019-07-23T09:21:42","slug":"about-us","status":"publish","type":"page","link":"https:\/\/www.enago.com\/academy\/latam\/about-us\/","title":{"rendered":"Acerca de nosotros"},"content":{"rendered":"<span class=\"span-reading-time rt-reading-time\" style=\"display: block;\"><span class=\"rt-label rt-prefix\">Reading Time: <\/span> <span class=\"rt-time\"> 2<\/span> <span class=\"rt-label rt-postfix\">minutes<\/span><\/span><div class=\"ea-abt\">\n<p>En los \u00faltimos 10 a\u00f1os, Enago ha ayudado a difundir el conocimiento acerca de la preparaci\u00f3n, presentaci\u00f3n y publicaci\u00f3n de manuscritos a numerosos investigadores, tanto experimentados como principiantes, y de pa\u00edses como Corea, Jap\u00f3n, Taiw\u00e1n, Turqu\u00eda y China. En nuestro esfuerzo por llegar a los autores de ESL (English as a Second Language) de diversas geograf\u00edas, hemos colaborado con varias editoriales, sociedades cient\u00edficas y universidades. Ahora pretendemos aumentar a\u00fan m\u00e1s esta asociaci\u00f3n a trav\u00e9s del canal especializado de <strong>Enago Academy.<\/strong><\/p>\n<p>Bajo la <strong>Academia Enago<\/strong>, ofrecemos recursos completos y actualizados para que investigadores, compa\u00f1\u00edas editoriales, editores y estudiantes aprendan y compartan su experiencia sobre investigaci\u00f3n y publicaci\u00f3n. Al colaborar con expertos de la industria en una plataforma com\u00fan, pretendemos convertir a Enago Academy en un foro para la discusi\u00f3n activa y el intercambio de conocimientos. Bas\u00e1ndonos en nuestra experiencia de ayudar a los investigadores internacionales a eliminar las barreras ling\u00fc\u00edsticas, deseamos crear nuevas v\u00edas para que las ideas y los desaf\u00edos se puedan comunicar a una audiencia global.<\/p>\n<p>Adapt\u00e1ndonos a los requisitos \u00fanicos de cada investigador, crearemos servicios innovadores para ayudarlos a lograr su objetivo de publicaci\u00f3n. Nuestros Talleres para autores son un ejemplo de c\u00f3mo hemos ayudado a m\u00faltiples investigadores de pa\u00edses de ESL a obtener conocimiento sobre c\u00f3mo pueden publicar manuscritos en revistas de alto impacto, as\u00ed como aumentar su conocimiento de la industria editorial.<\/p>\n<h3>Lo que hacemos<\/h3>\n<p><strong>Enago Academy<\/strong> pretende cumplir los siguientes objetivos:<\/p>\n<div class=\"col-sm-4\">\n<p><img decoding=\"async\" data-src=\"https:\/\/www.enago.com\/academy\/wp-content\/uploads\/2016\/04\/about-1.jpg\" alt=\"about-1\" src=\"data:image\/svg+xml;base64,PHN2ZyB3aWR0aD0iMSIgaGVpZ2h0PSIxIiB4bWxucz0iaHR0cDovL3d3dy53My5vcmcvMjAwMC9zdmciPjwvc3ZnPg==\" class=\"lazyload\" \/><\/p>\n<h4>Gu\u00eda de Investigadores \/ Autores<\/h4>\n<ul>\n<li>Para aprender m\u00e1s sobre cada etapa del ciclo de publicaci\u00f3n<\/li>\n<li>Conocer los temas de actualidad en la industria de investigaci\u00f3n y publicaci\u00f3n<\/li>\n<li>Tener acceso directo a los incondicionales de la industria<\/li>\n<\/ul>\n<\/div>\n<div class=\"col-sm-4\">\n<p><img decoding=\"async\" data-src=\"https:\/\/www.enago.com\/academy\/wp-content\/uploads\/2016\/04\/about-3.jpg\" alt=\"about-1\" src=\"data:image\/svg+xml;base64,PHN2ZyB3aWR0aD0iMSIgaGVpZ2h0PSIxIiB4bWxucz0iaHR0cDovL3d3dy53My5vcmcvMjAwMC9zdmciPjwvc3ZnPg==\" class=\"lazyload\" \/><\/p>\n<h4>Revistas de Ayuda \/ Editores<\/h4>\n<ul>\n<li>Centrarse en las necesidades de los autores \/ investigadores de ESL<\/li>\n<li>Realizar los desaf\u00edos que enfrentan los autores \/ investigadores<\/li>\n<li>Aumentar el intercambio de informaci\u00f3n y la conciencia de la industria en general<\/li>\n<\/ul>\n<\/div>\n<div class=\"col-sm-4\">\n<p><img decoding=\"async\" data-src=\"https:\/\/www.enago.com\/academy\/wp-content\/uploads\/2016\/04\/about-2.jpg\" alt=\"about-1\" src=\"data:image\/svg+xml;base64,PHN2ZyB3aWR0aD0iMSIgaGVpZ2h0PSIxIiB4bWxucz0iaHR0cDovL3d3dy53My5vcmcvMjAwMC9zdmciPjwvc3ZnPg==\" class=\"lazyload\" \/><\/p>\n<h4>Colaborar con Universidades \/ Instituciones Acad\u00e9micas.<\/h4>\n<ul>\n<li>Realizando talleres de autor para autores \/ investigadores primerizos<\/li>\n<li>Al mejorar la calidad de la publicaci\u00f3n de las universidades, capacitando a autores experimentados para que publiquen en revistas de factores de alto impacto<\/li>\n<li>Al aumentar la conciencia de la industria editorial acad\u00e9mica entre los estudiantes graduados<\/li>\n<\/ul>\n<\/div>\n<div class=\"clearfix\"><\/div>\n<p style=\"text-align: center;\">El equipo de la Academia de Enago est\u00e1 aqu\u00ed para ayudarte a hacer todo esto y mucho m\u00e1s. Por favor<br \/>\ncont\u00e1ctenos en <a href=\"mailto:academy@enago.com\">academy@enago.com<\/a><\/p>\n<\/div>\n<!-- AddThis Advanced Settings generic via filter on the_content --><!-- AddThis Share Buttons generic via filter on the_content -->","protected":false},"excerpt":{"rendered":"<p><span class=\"span-reading-time rt-reading-time\" style=\"display: block;\"><span class=\"rt-label rt-prefix\">Reading Time: <\/span> <span class=\"rt-time\"> 2<\/span> <span class=\"rt-label rt-postfix\">minutes<\/span><\/span>En los \u00faltimos 10 a\u00f1os, Enago ha ayudado a difundir el conocimiento acerca de la [&hellip;]<!-- AddThis Advanced Settings generic via filter on get_the_excerpt --><!-- AddThis Share Buttons generic via filter on get_the_excerpt --><\/p>\n","protected":false},"author":1,"featured_media":0,"parent":0,"menu_order":0,"comment_status":"closed","ping_status":"closed","template":"","meta":{"_acf_changed":false,"om_disable_all_campaigns":false,"footnotes":""},"class_list":["post-216","page","type-page","status-publish","hentry"],"acf":[],"_links":{"self":[{"href":"https:\/\/www.enago.com\/academy\/latam\/wp-json\/wp\/v2\/pages\/216","targetHints":{"allow":["GET"]}}],"collection":[{"href":"https:\/\/www.enago.com\/academy\/latam\/wp-json\/wp\/v2\/pages"}],"about":[{"href":"https:\/\/www.enago.com\/academy\/latam\/wp-json\/wp\/v2\/types\/page"}],"author":[{"embeddable":true,"href":"https:\/\/www.enago.com\/academy\/latam\/wp-json\/wp\/v2\/users\/1"}],"replies":[{"embeddable":true,"href":"https:\/\/www.enago.com\/academy\/latam\/wp-json\/wp\/v2\/comments?post=216"}],"version-history":[{"count":4,"href":"https:\/\/www.enago.com\/academy\/latam\/wp-json\/wp\/v2\/pages\/216\/revisions"}],"predecessor-version":[{"id":500,"href":"https:\/\/www.enago.com\/academy\/latam\/wp-json\/wp\/v2\/pages\/216\/revisions\/500"}],"wp:attachment":[{"href":"https:\/\/www.enago.com\/academy\/latam\/wp-json\/wp\/v2\/media?parent=216"}],"curies":[{"name":"wp","href":"https:\/\/api.w.org\/{rel}","templated":true}]}}